{"id":359,"date":"2024-02-01T10:42:12","date_gmt":"2024-02-01T08:42:12","guid":{"rendered":"https:\/\/shop.careeria.fi\/tuote\/renkaiden-kausivaihto-2\/"},"modified":"2025-06-18T02:01:01","modified_gmt":"2025-06-17T23:01:01","slug":"renkaiden-kausivaihto-2","status":"publish","type":"product","link":"https:\/\/shop.careeria.fi\/en\/tuote\/renkaiden-kausivaihto-2\/","title":{"rendered":"Renkaiden kausivaihto"},"content":{"rendered":"<p>Sovi aika soittamalla numeroon 0400 688 103 tai laittamalla s\u00e4hk\u00f6postia osoitteeseen autonkorjaus.pmt@careeria.fi.<\/p>\n<p>N\u00e4yt\u00e4 maksusta saamasi kuitti \/ tilausvahvistus, kun tulet renkaanvaihtoon.<\/p>\n","protected":false},"excerpt":{"rendered":"<p>Sovi aika soittamalla numeroon 0400 688 103 tai laittamalla s\u00e4hk\u00f6postia osoitteeseen autonkorjaus.pmt@careeria.fi. N\u00e4yt\u00e4 maksusta saamasi kuitti \/ tilausvahvistus, kun tulet renkaanvaihtoon.<\/p>\n","protected":false},"featured_media":356,"template":"","meta":[],"product_brand":[],"product_cat":[101],"product_tag":[],"kiosk":[],"class_list":{"0":"post-359","1":"product","2":"type-product","3":"status-publish","4":"has-post-thumbnail","6":"product_cat-car-services","8":"first","9":"instock","10":"featured","11":"virtual","12":"taxable","13":"purchasable","14":"product-type-simple"},"_links":{"self":[{"href":"https:\/\/shop.careeria.fi\/en\/wp-json\/wp\/v2\/product\/359","targetHints":{"allow":["GET"]}}],"collection":[{"href":"https:\/\/shop.careeria.fi\/en\/wp-json\/wp\/v2\/product"}],"about":[{"href":"https:\/\/shop.careeria.fi\/en\/wp-json\/wp\/v2\/types\/product"}],"wp:featuredmedia":[{"embeddable":true,"href":"https:\/\/shop.careeria.fi\/en\/wp-json\/wp\/v2\/media\/356"}],"wp:attachment":[{"href":"https:\/\/shop.careeria.fi\/en\/wp-json\/wp\/v2\/media?parent=359"}],"wp:term":[{"taxonomy":"product_brand","embeddable":true,"href":"https:\/\/shop.careeria.fi\/en\/wp-json\/wp\/v2\/product_brand?post=359"},{"taxonomy":"product_cat","embeddable":true,"href":"https:\/\/shop.careeria.fi\/en\/wp-json\/wp\/v2\/product_cat?post=359"},{"taxonomy":"product_tag","embeddable":true,"href":"https:\/\/shop.careeria.fi\/en\/wp-json\/wp\/v2\/product_tag?post=359"},{"taxonomy":"ceepos_service_kiosk","embeddable":true,"href":"https:\/\/shop.careeria.fi\/en\/wp-json\/wp\/v2\/kiosk?post=359"}],"curies":[{"name":"wp","href":"https:\/\/api.w.org\/{rel}","templated":true}]}}