{"id":354,"date":"2024-02-01T10:42:09","date_gmt":"2024-02-01T08:42:09","guid":{"rendered":"https:\/\/shop.careeria.fi\/tuote\/hygi-anniskelupassi-uudelleentilaus\/"},"modified":"2025-06-18T02:00:59","modified_gmt":"2025-06-17T23:00:59","slug":"hygi-anniskelupassi-uudelleentilaus-2","status":"publish","type":"product","link":"https:\/\/shop.careeria.fi\/en\/tuote\/hygi-anniskelupassi-uudelleentilaus-2\/","title":{"rendered":"Hygi\/anniskelupassi uudelleentilaus"},"content":{"rendered":"<p>Jos hygieniapassi on kadonnut tai nimi on muuttunut, voit tehd\u00e4 uusintatilauksen seuraavissa tapauksissa:\u00a0<\/p>\n<p><strong>Hygieniapassin toinen osa (kortti tai paperitodistus) on kadonnut<\/strong><\/p>\n<ol>\n<li>Ota yhteytt\u00e4 keneen tahansa Ruokaviraston hygieniapassitestaajaan. L\u00f6yd\u00e4t Ruokaviraston hyv\u00e4ksymien hygieniapassitestaajien yhteystiedot t\u00e4\u00e4lt\u00e4: <a href=\"https:\/\/www.ruokavirasto.fi\/elintarvikkeet\/hygieniapassi\/luettelo-hygieniapassitestaajista\/\"><strong>https:\/\/www.ruokavirasto.fi\/elintarvikkeet\/hygieniapassi\/luettelo-hygieniapassitestaajista\/<\/strong><\/a><\/li>\n<li>Toimita hygieniapassitestaajalle tallessa oleva hygieniapassin osa (kortti tai paperitodistus).<\/li>\n<li>Hygieniapassitestaaja my\u00f6nt\u00e4\u00e4 uuden hygieniapassin.<\/li>\n<\/ol>\n<p><strong>Hygieniapassin molemmat osat (sek\u00e4 kortti ett\u00e4 paperitodistus) ovat kadonneet ja hygieniapassitestist\u00e4 on aikaa alle 5 vuotta<\/strong><\/p>\n<ol>\n<li>Ota yhteytt\u00e4 siihen Ruokaviraston hygieniapassitestaajaan, jonka j\u00e4rjest\u00e4m\u00e4ss\u00e4 hygieniapassitestiss\u00e4 olet ollut ja joka my\u00f6nsi sinulle alkuper\u00e4isen hygieniapassin.<\/li>\n<li>Jos olet suorittanut hygieniapassitestin alle 5 vuotta sitten, voi hygieniapassitestaajasi my\u00f6nt\u00e4\u00e4 sinulle uuden hygieniapassin.\n<ul>\n<li>Testaajasi on arkistoinut sinun testilomakkeen, jonka perusteella h\u00e4n pystyy my\u00f6nt\u00e4m\u00e4\u00e4n sinulle uuden hygieniapassin.<\/li>\n<li>Testaajan velvollisuus on arkistoida hygieniapassin my\u00f6nt\u00e4misen perusteena olevia asiakirjoja (kuten testilomaketta) viisi vuotta hygieniapassin my\u00f6nt\u00e4misp\u00e4iv\u00e4m\u00e4\u00e4r\u00e4st\u00e4 eteenp\u00e4in.<\/li>\n<\/ul>\n<\/li>\n<\/ol>\n<p><strong>Hygieniapassin molemmat osat (sek\u00e4 kortti ett\u00e4 paperitodistus) ovat kadonneet ja hygieniapassitestist\u00e4 on aikaa yli 5 vuotta<\/strong><\/p>\n<p>Hygieniapassitesti on suoritettava uudelleen.<\/p>\n<p>\u00a0<\/p>\n<p>Lis\u00e4tietoja hygieniapassin uusintatilauksesta Ruokaviraston sivulta:<\/p>\n<p><a href=\"https:\/\/www.ruokavirasto.fi\/elintarvikkeet\/hygieniapassi\/hygieniapassin-uusintatilaus\/\"><strong>https:\/\/www.ruokavirasto.fi\/elintarvikkeet\/hygieniapassi\/hygieniapassin-uusintatilaus\/<\/strong><\/a><\/p>\n<p>Hygieniapassi on kaksiosainen. Se koostuu sek\u00e4 paperisesta todistuksesta ett\u00e4 kortista, jotka ovat nykyisen lains\u00e4\u00e4d\u00e4nn\u00f6n mukaisesti toistaiseksi voimassaolevia.<\/p>\n<p>\u00a0<\/p>\n<p>Lis\u00e4tietoja:\u00a0korttikoulutus@careeria.fi<\/p>\n","protected":false},"excerpt":{"rendered":"<p>Jos hygieniapassi on kadonnut tai nimi on muuttunut, voit tehd\u00e4 uusintatilauksen seuraavissa tapauksissa:\u00a0 Hygieniapassin toinen osa (kortti tai paperitodistus) on kadonnut Ota yhteytt\u00e4 keneen tahansa Ruokaviraston hygieniapassitestaajaan. L\u00f6yd\u00e4t Ruokaviraston hyv\u00e4ksymien hygieniapassitestaajien yhteystiedot t\u00e4\u00e4lt\u00e4: https:\/\/www.ruokavirasto.fi\/elintarvikkeet\/hygieniapassi\/luettelo-hygieniapassitestaajista\/ Toimita hygieniapassitestaajalle tallessa oleva hygieniapassin osa (kortti tai paperitodistus). Hygieniapassitestaaja my\u00f6nt\u00e4\u00e4 uuden hygieniapassin. Hygieniapassin molemmat osat (sek\u00e4 kortti ett\u00e4 paperitodistus) ovat [&hellip;]<\/p>\n","protected":false},"featured_media":599,"template":"","meta":[],"product_brand":[],"product_cat":[89],"product_tag":[800],"kiosk":[],"class_list":{"0":"post-354","1":"product","2":"type-product","3":"status-publish","4":"has-post-thumbnail","6":"product_cat-copies-of-certificates","7":"product_tag-hygi-en","9":"first","10":"instock","11":"featured","12":"virtual","13":"sold-individually","14":"taxable","15":"purchasable","16":"product-type-simple"},"_links":{"self":[{"href":"https:\/\/shop.careeria.fi\/en\/wp-json\/wp\/v2\/product\/354","targetHints":{"allow":["GET"]}}],"collection":[{"href":"https:\/\/shop.careeria.fi\/en\/wp-json\/wp\/v2\/product"}],"about":[{"href":"https:\/\/shop.careeria.fi\/en\/wp-json\/wp\/v2\/types\/product"}],"wp:featuredmedia":[{"embeddable":true,"href":"https:\/\/shop.careeria.fi\/en\/wp-json\/wp\/v2\/media\/599"}],"wp:attachment":[{"href":"https:\/\/shop.careeria.fi\/en\/wp-json\/wp\/v2\/media?parent=354"}],"wp:term":[{"taxonomy":"product_brand","embeddable":true,"href":"https:\/\/shop.careeria.fi\/en\/wp-json\/wp\/v2\/product_brand?post=354"},{"taxonomy":"product_cat","embeddable":true,"href":"https:\/\/shop.careeria.fi\/en\/wp-json\/wp\/v2\/product_cat?post=354"},{"taxonomy":"product_tag","embeddable":true,"href":"https:\/\/shop.careeria.fi\/en\/wp-json\/wp\/v2\/product_tag?post=354"},{"taxonomy":"ceepos_service_kiosk","embeddable":true,"href":"https:\/\/shop.careeria.fi\/en\/wp-json\/wp\/v2\/kiosk?post=354"}],"curies":[{"name":"wp","href":"https:\/\/api.w.org\/{rel}","templated":true}]}}